{"id":33,"date":"2025-01-23T16:22:39","date_gmt":"2025-01-23T16:22:39","guid":{"rendered":"https:\/\/biserica-esbjerg.dk\/?page_id=33"},"modified":"2025-06-08T23:23:40","modified_gmt":"2025-06-08T23:23:40","slug":"contact","status":"publish","type":"page","link":"https:\/\/biserica-esbjerg.dk\/index.php\/contact\/","title":{"rendered":"Contact"},"content":{"rendered":"<h1 class=\"site-home-title\"><a href=\"https:\/\/biserica-esbjerg.dk\/wp-content\/uploads\/2025\/06\/contact.jpg\"><img loading=\"lazy\" decoding=\"async\" class=\"aligncenter wp-image-235 size-large\" src=\"https:\/\/biserica-esbjerg.dk\/wp-content\/uploads\/2025\/06\/contact-768x1024.jpg\" alt=\"\" width=\"768\" height=\"1024\" srcset=\"https:\/\/biserica-esbjerg.dk\/wp-content\/uploads\/2025\/06\/contact-768x1024.jpg 768w, https:\/\/biserica-esbjerg.dk\/wp-content\/uploads\/2025\/06\/contact-225x300.jpg 225w, https:\/\/biserica-esbjerg.dk\/wp-content\/uploads\/2025\/06\/contact.jpg 984w\" sizes=\"auto, (max-width: 768px) 100vw, 768px\" \/><\/a><\/h1>\n<h1><\/h1>\n<h1 class=\"site-home-title\">Date de Contact<\/h1>\n<div class=\"textwidget\">\n<p><strong>Adresa:<\/strong>\u00a0Jernbanegade 4, Agerb\u00e6k 6753<\/p>\n<p><strong>E-Mail:<\/strong>\u00a0<a href=\"mailto:info@biserica-esbjerg.dk\">info@biserica-esbjerg.dk<\/a><\/p>\n<p><strong>Preot:<\/strong>\u00a0<a href=\"mailto:claudiuceteras@yahoo.com\">claudiuceteras@yahoo.com<\/a><\/p>\n<p><strong>Telefon:<\/strong>\u00a0+45 53 46 44 32<\/p>\n<p><strong>Facebook:\u00a0<\/strong><a href=\"https:\/\/www.facebook.com\/profile.php?id=100063645477069\">Parohia Ortodox\u0103 Rom\u00e2n\u0103 Sf.Efrem Cel Nou \u0219i Sf.Irina de la Esbjerg<\/a><\/p>\n<\/div>\n<p>&nbsp;<\/p>\n<p>&nbsp;<\/p>\n<p>&nbsp;<\/p>\n","protected":false},"excerpt":{"rendered":"<p>Date de Contact Adresa:\u00a0Jernbanegade 4, Agerb\u00e6k 6753 E-Mail:\u00a0info@biserica-esbjerg.dk Preot:\u00a0claudiuceteras@yahoo.com Telefon:\u00a0+45 53 46 44 32 Facebook:\u00a0Parohia Ortodox\u0103 Rom\u00e2n\u0103 Sf.Efrem Cel Nou \u0219i Sf.Irina de la Esbjerg &nbsp; &nbsp; &nbsp;<\/p>\n","protected":false},"author":3,"featured_media":238,"parent":0,"menu_order":0,"comment_status":"closed","ping_status":"closed","template":"","meta":{"footnotes":""},"class_list":["post-33","page","type-page","status-publish","has-post-thumbnail","hentry"],"_links":{"self":[{"href":"https:\/\/biserica-esbjerg.dk\/index.php\/wp-json\/wp\/v2\/pages\/33","targetHints":{"allow":["GET"]}}],"collection":[{"href":"https:\/\/biserica-esbjerg.dk\/index.php\/wp-json\/wp\/v2\/pages"}],"about":[{"href":"https:\/\/biserica-esbjerg.dk\/index.php\/wp-json\/wp\/v2\/types\/page"}],"author":[{"embeddable":true,"href":"https:\/\/biserica-esbjerg.dk\/index.php\/wp-json\/wp\/v2\/users\/3"}],"replies":[{"embeddable":true,"href":"https:\/\/biserica-esbjerg.dk\/index.php\/wp-json\/wp\/v2\/comments?post=33"}],"version-history":[{"count":6,"href":"https:\/\/biserica-esbjerg.dk\/index.php\/wp-json\/wp\/v2\/pages\/33\/revisions"}],"predecessor-version":[{"id":237,"href":"https:\/\/biserica-esbjerg.dk\/index.php\/wp-json\/wp\/v2\/pages\/33\/revisions\/237"}],"wp:featuredmedia":[{"embeddable":true,"href":"https:\/\/biserica-esbjerg.dk\/index.php\/wp-json\/wp\/v2\/media\/238"}],"wp:attachment":[{"href":"https:\/\/biserica-esbjerg.dk\/index.php\/wp-json\/wp\/v2\/media?parent=33"}],"curies":[{"name":"wp","href":"https:\/\/api.w.org\/{rel}","templated":true}]}}