{"id":116,"date":"2023-10-30T13:37:52","date_gmt":"2023-10-30T13:37:52","guid":{"rendered":"https:\/\/biserica-vejle.dk\/?page_id=116"},"modified":"2023-10-30T13:37:52","modified_gmt":"2023-10-30T13:37:52","slug":"taina-botezului","status":"publish","type":"page","link":"https:\/\/biserica-esbjerg.dk\/index.php\/taina-botezului\/","title":{"rendered":"Taina Botezului"},"content":{"rendered":"\n<figure class=\"wp-block-image size-large\"><img decoding=\"async\" src=\"https:\/\/biserica-vejle.dk\/wp-content\/uploads\/2023\/10\/botez-3-1024x768.jpg\" alt=\"\" class=\"wp-image-32\"\/><\/figure>\n\n\n\n<p>Botezul este cea dint\u00e2i tain\u0103 a Bisericii Ortodoxe, este poarta de intrare \u00een Cre\u015ftinism. Prin Botez fiecare credincios devine membru al Trupului tainic al lui Hristos, adic\u0103 al Bisericii. Aceast\u0103 tain\u0103 se s\u0103v\u00e2r\u015fe\u015fte, de obicei, la 40 de zile dup\u0103 na\u015ftere \u015fi este \u00eentemeiat\u0103 de c\u0103tre M\u00e2ntuitorul Hristos prin cuvintele: \u201eMerg\u00e2nd, \u00eenv\u0103\u0163a\u0163i toate neamurile, botez\u00e2ndu-le \u00een numele Tat\u0103lui \u015fi al Fiului \u015fi al Sf\u00e2ntului Duh\u201c (Matei 28, 19). Pentru Taina Sf\u00e2ntului Botez sunt necesare: o lum\u00e2nare, certificatul de na\u015ftere (copie),prosop mare de \u015fters pruncul, un r\u00e2nd de haine noi (cu care va fi \u00eembr\u0103cat copilul dup\u0103 Botez). Na\u015fii trebuie s\u0103 fie membrii ai Bisericii Ortodoxe \u015fi s\u0103 poat\u0103 rosti Simbolul credin\u0163ei (Crezul). Programarea se anun\u0163\u0103 direct la biseric\u0103 \u00eenainte sau dup\u0103 sfintele slujbe.<\/p>\n\n\n\n<figure class=\"wp-block-image size-large\"><img decoding=\"async\" src=\"https:\/\/scontent-cph2-1.xx.fbcdn.net\/v\/t39.30808-6\/347603135_1713242589116542_5829360167180194988_n.jpg?_nc_cat=110&amp;ccb=1-7&amp;_nc_sid=5f2048&amp;_nc_ohc=9qk0ZspecUkAX_FEWrP&amp;_nc_ht=scontent-cph2-1.xx&amp;oh=00_AfCxVBOdKevyH9kApRaYKRTt8ZksT78AZCgJ0hAuInr1yg&amp;oe=654522D5\" alt=\"\"\/><\/figure>\n\n\n\n<h2 class=\"wp-block-heading\"><strong>Cele necesare Botezului<\/strong><\/h2>\n\n\n\n<p>Aceste informa\u021bii v\u0103 vor ajuta s\u0103 pregati\u021bi cum se cuvine, conform tradi\u021biei, aceast\u0103 mare \u0219i unic\u0103 Sf\u00e2nt\u0103 Tain\u0103.<\/p>\n\n\n\n<h3 class=\"wp-block-heading\">Cele necesare pentru botez:<\/h3>\n\n\n\n<ul class=\"wp-block-list\">\n<li>certificat de na\u0219tere sau adeverin\u021b\u0103 de na\u0219tere a copilului<\/li>\n\n\n\n<li>o lum\u00e2nare (daca trebuie \u00eempodobit\u0103 \u2013 puteti sa o lua\u021bi de la biserica \u00eenainte de data botezului)<\/li>\n\n\n\n<li>un prosop \u0219i un s\u0103pun \u2013 se vor da preotului<\/li>\n\n\n\n<li>o p\u00e2nza alb\u0103 (gen diftina, din care se fac sau se faceau scutecele pentru copii), cu dimensiunile: lungime 1,5 m, la\u021bime 1 m (dimensiuni orientative)<\/li>\n\n\n\n<li>o sticlu\u021b\u0103 de ulei (de m\u0103sline, de preferin\u021b\u0103)<\/li>\n\n\n\n<li>un alt prosop mare (care va sta pe masa de botez) pentru \u0219tergerea copilului<\/li>\n\n\n\n<li>o p\u0103turic\u0103, tot pentru copil<\/li>\n<\/ul>\n\n\n\n<h3 class=\"wp-block-heading\">Alte optionale pentru botez (orientativ):<\/h3>\n\n\n\n<p><\/p>\n\n\n\n<ul class=\"wp-block-list\">\n<li>m\u0103rturii (sunt mici cruciuli\u021be cu fundi\u021b\u0103 care se pun \u00een piept martorilor participan\u021bi la ceremonia botezului) <\/li>\n\n\n\n<li>fa\u0219\u0103 (panglica &#8211; lungime de 1 \u2013 1,5 m)<\/li>\n\n\n\n<li>vin ro\u0219u pentru Sf\u00e2nta \u00cemparta\u0219anie (v\u0103 recomandam sa cumpara\u021bi un vin natural facut numai din boabe \u2013 pe care-l poate folosi preotul la sav\u00e2r\u0219irea Sfintei Liturghii \u0219i la \u00eemparta\u0219irea copiilor \u0219i a credincio\u0219ilor doritori)<\/li>\n\n\n\n<li>un pache\u021bel de tam\u00e2ie, un plicule\u021b cu c\u0103rbune \u0219i 7 lum\u00e2nari mari &#8211; toate acestea vor fi folosite pe parcursul Slujbei Botezului \u2013 pot fi procurate de la biserica chiar \u00eenainte de a \u00eencepe Botezul<\/li>\n\n\n\n<li>na\u0219ii sunt \u00eendemna\u021bi s\u0103 daruiasc\u0103 pruncului o icoana (pot scrie pe spate c\u00e2teva g\u00e2nduri \u0219i numele lor \u2013 din experien\u021b\u0103 \u0219tim c\u0103 aceasta va fi foarte apreciat\u0103 de copil c\u00e2nd va cre\u0219te)<\/li>\n<\/ul>\n\n\n\n<p>Pentru oricare alte l\u0103muriri pute\u021bi s\u0103 suna\u021bi pe <strong>Preot dr. Marcel \u2013 Marius Coisin<\/strong> la telefon +45 9162 2395.<\/p>\n\n\n\n<figure class=\"wp-block-image size-large\"><img decoding=\"async\" src=\"https:\/\/scontent-cph2-1.xx.fbcdn.net\/v\/t39.30808-6\/279937836_2405684939573034_2783264159932634180_n.jpg?_nc_cat=100&amp;ccb=1-7&amp;_nc_sid=5f2048&amp;_nc_ohc=GnX78fPoKr8AX8tODpP&amp;_nc_ht=scontent-cph2-1.xx&amp;oh=00_AfDT0ffiKlMJ2DwxVeCekkWi23gvHSHC9Y-2pfqeMxn-CA&amp;oe=6544DE8B\" alt=\"\"\/><\/figure>\n\n\n\n<h3 class=\"wp-block-heading\">Foarte important de \u0219tiut :<\/h3>\n\n\n\n<p>Copilul este adus la biseric\u0103 cu un r\u00e2nd de haine \u2013 chiar daca au mai fost purtate \u2013 \u0219i dupa botez este \u00eembracat cu hainu\u021bele noi cumparate special pentru acest eveniment. Aceast\u0103 schimbare de haine simbolizeaza c\u0103 ne-am lepadat de haina cea veche \u0219i ne-am \u00eembr\u0103cat cu Haina cea Noua a lui Hristos. Imediat dup\u0103 botezarea copilului este aprins\u0103 lum\u00e2narea de botez pe care o \u021bine na\u0219ul, iar copilul este \u00eenfa\u0219at pentru moment cu p\u00e2nza alba \u0219i \u00eentr-o paturic\u0103 sau prosop. Urmeaz\u0103 ungerea cu Sf\u00e2ntul \u0219i Marele Mir, sp\u0103larea \u0219i \u0219tergerea cu fa\u0219a \u00een locurile unde copilul a fost uns. Dup\u0103 \u0219tergerea cu fa\u0219a copilul va fi \u00eembracat \u00een hainele noi f\u0103r\u00ee a i se acoperi capul, deoarece urmeaz\u0103 tunderea p\u0103rului \u00een chipul Sfintei Cruci. Dupa aceasta, preotul face \u00eenchinarea copilului \u00een fa\u021ba Sf\u00e2ntului Altar, primirea acestuia de c\u0103tre na\u0219i \u0219i \u00cemparta\u0219irea cu Sf\u00e2ntul Trup \u0219i S\u00e2nge al Domnului \u0219i Dumnezeului nostru Iisus Hristos.<\/p>\n\n\n\n<h3 class=\"wp-block-heading\">Important:<\/h3>\n\n\n\n<p>Apa folosit\u0103 la prima baie de dup\u0103 botez, cea de acas\u0103, este bine s\u0103 fie aruncat\u0103 l\u00e2ng\u0103 un copac sau pe pam\u00e2nt \u0219i nu \u00een canal, deoarece acea ap\u0103 va sp\u0103la \u0219i o parte din agheazma de la botez \u0219i o parte din Sf\u00e2ntul \u0219i Marele Mir.<\/p>\n\n\n\n<h3 class=\"wp-block-heading\">Pentru na\u0219ii copilului :<\/h3>\n\n\n\n<p>La 8 zile de la botez, na\u0219ii, \u00eempreun\u0103 cu p\u0103rin\u021bii \u0219i copilul vor veni la Sf\u00e2nta Biseric\u0103 pentru a se citi copilului rug\u0103ciunile speciale \u0219i a aduce o parte din lum\u00e2narea de botez \u2013 cealalt\u0103 parte se va p\u0103stra de c\u0103tre p\u0103rin\u021bii copilului \u0219i se va aprinde la rug\u0103ciune, c\u00e2nd copilul este bolnav sau \u00een pericol. O mare grij\u0103 trebuie purtat\u0103 copilului de c\u0103tre na\u0219i. Este important ca pruncul s\u0103 fie \u00eemp\u0103rt\u0103\u0219it \u00een fiecare lun\u0103 sau cel mai t\u00e2rziu la 40 de zile de la botez. N\u0103d\u0103jduim ca dumneavoastr\u0103, ca na\u0219i, ve\u021bi avea grij\u0103 s\u0103 duce\u021bi la \u00eendeplinire aceast\u0103 \u00eendatorire \u0219i ve\u021bi colabora \u00een acest sens cu p\u0103rin\u021bii copilului. La aceast\u0103 lucrare v\u0103 angaja\u021bi \u00een momentul \u00een care dori\u021bi s\u0103 deveni\u021bi na\u0219i. Multe daruri ve\u021bi primi de la Dumnezeu accept\u00e2nd aceasta sarcin\u0103 \u0219i v\u0103 va fi de mare ajutor \u00een aceasta via\u021b\u0103 \u0219i \u00een cea viitoare.<\/p>\n\n\n\n<h3 class=\"wp-block-heading\">Pentru mama copilului :<\/h3>\n\n\n\n<p>\u00cenainte de a \u00eencepe slujba Sf\u00e2ntului Botez, mamei i se cite\u0219te o rug\u0103ciune numit\u0103 Rugaciunea la 40 de zile (necesar : a avea \u00een m\u00e2n\u0103 o lum\u00e2nare aprins\u0103 &#8211; g\u0103si\u021bi la biseric\u0103). Aceasta \u00eei d\u0103 mamei posibilitatea de a intra \u00een Sf\u00e2nta Biserica cu binecuv\u00e2ntarea lui Dumnezeu. Desigur c\u0103 aceast\u0103 rug\u0103ciune poate fi citit\u0103 \u0219i mai devreme, dac\u0103 spre exemplu botezul are loc la mai mult de 40 de zile de la na\u0219tere, sau mai t\u00e2rziu, dar este necesar s\u0103 fie citit\u0103. Amintim c\u0103 potrivit credin\u021bei noastre ortodoxe, mamei, tat\u0103lui (care de obicei particip\u0103 la na\u0219tere), familiei, moa\u0219ei (dup\u0103 posibilita\u021bi), trebuie s\u0103 le fie citite imediat dup\u0103 na\u0219tere rug\u0103ciunile de dezlegare. Mama trebuie s\u0103 foloseasc\u0103 Ap\u0103 Sfin\u021bit\u0103 de Cur\u0103\u021bire timp de 40 de zile dup\u0103 \u00eendemnul preotului.<\/p>\n\n\n\n<h3 class=\"wp-block-heading\">Important :<\/h3>\n\n\n\n<p>Dac\u0103 din diverse motive nu au fost f\u0103cute aceste rug\u0103ciuni de dezlegare la momentul potrivit, este foarte important ca totu\u0219i ele s\u0103 se fac\u0103, chiar mai t\u00e2rziu, ar\u0103t\u00e2nd astfel lui Dumnezeu grija \u0219i respectul nostru fa\u021b\u0103 de cele r\u00e2nduite \u0219i folositoare sufletului (chiar dac\u0103 noi consider\u0103m c\u0103 este poate prea t\u00e2rziu).<\/p>\n","protected":false},"excerpt":{"rendered":"<p>Botezul este cea dint\u00e2i tain\u0103 a Bisericii Ortodoxe, este poarta de intrare \u00een Cre\u015ftinism. Prin Botez fiecare credincios devine membru al Trupului tainic al lui Hristos, adic\u0103 al Bisericii. Aceast\u0103 [&hellip;]<\/p>\n","protected":false},"author":2,"featured_media":118,"parent":0,"menu_order":1,"comment_status":"closed","ping_status":"closed","template":"","meta":{"footnotes":""},"class_list":["post-116","page","type-page","status-publish","has-post-thumbnail","hentry"],"_links":{"self":[{"href":"https:\/\/biserica-esbjerg.dk\/index.php\/wp-json\/wp\/v2\/pages\/116","targetHints":{"allow":["GET"]}}],"collection":[{"href":"https:\/\/biserica-esbjerg.dk\/index.php\/wp-json\/wp\/v2\/pages"}],"about":[{"href":"https:\/\/biserica-esbjerg.dk\/index.php\/wp-json\/wp\/v2\/types\/page"}],"author":[{"embeddable":true,"href":"https:\/\/biserica-esbjerg.dk\/index.php\/wp-json\/wp\/v2\/users\/2"}],"replies":[{"embeddable":true,"href":"https:\/\/biserica-esbjerg.dk\/index.php\/wp-json\/wp\/v2\/comments?post=116"}],"version-history":[{"count":0,"href":"https:\/\/biserica-esbjerg.dk\/index.php\/wp-json\/wp\/v2\/pages\/116\/revisions"}],"wp:featuredmedia":[{"embeddable":true,"href":"https:\/\/biserica-esbjerg.dk\/index.php\/wp-json\/wp\/v2\/media\/118"}],"wp:attachment":[{"href":"https:\/\/biserica-esbjerg.dk\/index.php\/wp-json\/wp\/v2\/media?parent=116"}],"curies":[{"name":"wp","href":"https:\/\/api.w.org\/{rel}","templated":true}]}}